{"id":984,"date":"2019-01-23T14:52:34","date_gmt":"2019-01-23T11:52:34","guid":{"rendered":"https:\/\/www.alkalix.com.tr\/bolge-bayilerimiz\/"},"modified":"2021-01-16T22:46:24","modified_gmt":"2021-01-16T19:46:24","slug":"bolge-bayilerimiz","status":"publish","type":"page","link":"https:\/\/alkalix.com.tr\/en\/bolge-bayilerimiz\/","title":{"rendered":"Local Dealer"},"content":{"rendered":"<h3 style=\"text-align: justify;\"><strong>DO YOU WANT TO BE OUR DEALER OR BUS\u0130NESS PARTNER?<\/strong><\/h3>\n<p>If you have decided to take part in the Water Treatment Systems sector; we will be happy to work with you. All filters, tanks and other spare equipment used in our systems have certificate, which is a Food Compliance certificate from . All of our products have Warranty Certification from the Turkish Ministry of Industry.<\/p>\n<p style=\"text-align: justify;\"><img loading=\"lazy\" decoding=\"async\" class=\"size-full wp-image-702 aligncenter\" src=\"https:\/\/alkalix.com.tr\/wp-content\/uploads\/2019\/02\/bayi.jpg\" alt=\"\" width=\"1010\" height=\"502\" srcset=\"https:\/\/alkalix.com.tr\/wp-content\/uploads\/2019\/02\/bayi.jpg 1010w, https:\/\/alkalix.com.tr\/wp-content\/uploads\/2019\/02\/bayi-300x149.jpg 300w, https:\/\/alkalix.com.tr\/wp-content\/uploads\/2019\/02\/bayi-768x382.jpg 768w, https:\/\/alkalix.com.tr\/wp-content\/uploads\/2019\/02\/bayi-855x425.jpg 855w, https:\/\/alkalix.com.tr\/wp-content\/uploads\/2019\/02\/bayi-740x368.jpg 740w, https:\/\/alkalix.com.tr\/wp-content\/uploads\/2019\/02\/bayi-524x260.jpg 524w\" sizes=\"(max-width: 1010px) 100vw, 1010px\" \/><\/p>\n<p>After the ALKALIX Water Treatment product is produced, it is subjected to water, electrical and functionality tests with great care. If your priority is also human health, we would like to say that we would be happy to meet on the same platform. In this context, throughout Turkey , we expect you to visit our Company Center to benefit from our local dealership services.<\/p>\n<h4 style=\"text-align: center;\"><span style=\"color: #195c93;\"><strong>&#8220;If you want to proceed with us to increase the satisfaction of our customers, even with small touches, you can fill out the form below. &#8220;<\/strong><\/span><\/h4>\n<div id=\"quform-49d5c0\" class=\"quform quform-9 quform-theme-simple quform-support-page-caching\"><form id=\"quform-form-49d5c0\" class=\"quform-form quform-form-9\" action=\"\/en\/wp-json\/wp\/v2\/pages\/984#quform-49d5c0\" method=\"post\" enctype=\"multipart\/form-data\" novalidate=\"novalidate\" data-options=\"{&quot;id&quot;:9,&quot;uniqueId&quot;:&quot;49d5c0&quot;,&quot;theme&quot;:&quot;simple&quot;,&quot;ajax&quot;:true,&quot;logic&quot;:{&quot;logic&quot;:[],&quot;dependents&quot;:[],&quot;elementIds&quot;:[],&quot;dependentElementIds&quot;:[],&quot;animate&quot;:true},&quot;currentPageId&quot;:1,&quot;errorsIcon&quot;:&quot;&quot;,&quot;updateFancybox&quot;:true,&quot;hasPages&quot;:false,&quot;pages&quot;:[1],&quot;pageProgressType&quot;:&quot;numbers&quot;,&quot;tooltipsEnabled&quot;:true,&quot;tooltipClasses&quot;:&quot;qtip-quform-dark qtip-shadow&quot;,&quot;tooltipMy&quot;:&quot;left center&quot;,&quot;tooltipAt&quot;:&quot;right center&quot;,&quot;isRtl&quot;:false,&quot;scrollOffset&quot;:-50,&quot;scrollSpeed&quot;:800}\"><button class=\"quform-default-submit\" name=\"quform_submit\" type=\"submit\" value=\"submit\" aria-hidden=\"true\" tabindex=\"-1\"><\/button><div class=\"quform-form-inner quform-form-inner-9\"><input type=\"hidden\" name=\"quform_form_id\" value=\"9\" \/><input type=\"hidden\" name=\"quform_form_uid\" value=\"49d5c0\" \/><input type=\"hidden\" name=\"quform_count\" value=\"1\" \/><input type=\"hidden\" name=\"form_url\" value=\"https:\/\/alkalix.com.tr\/en\/wp-json\/wp\/v2\/pages\/984\" \/><input type=\"hidden\" name=\"referring_url\" value=\"\" \/><input type=\"hidden\" name=\"post_id\" value=\"\" \/><input type=\"hidden\" name=\"post_title\" value=\"\" \/><input type=\"hidden\" name=\"quform_current_page_id\" value=\"1\" \/><input type=\"hidden\" name=\"quform_csrf_token\" value=\"ZySIFPV9bsYetuKRYRGQmYezITn4ghDqlzvVBorm\" \/><div class=\"quform-elements quform-elements-9 quform-cf quform-responsive-elements-phone-landscape\"><div class=\"quform-element quform-element-page quform-page-1 quform-page-9_1 quform-cf quform-group-style-plain quform-first-page quform-last-page quform-current-page\"><div class=\"quform-page-title-description\"><h3 class=\"quform-page-title\">Dealer Application Form<\/h3><\/div><div class=\"quform-child-elements\"><div class=\"quform-element quform-element-row quform-element-row-9_3 quform-2-columns quform-element-row-size-fixed quform-responsive-columns-phone-landscape\"><div class=\"quform-element quform-element-column quform-element-9_4\"><div class=\"quform-element quform-element-text quform-element-9_6 quform-cf quform-labels-inside quform-element-required\"><div class=\"quform-spacer\"><div class=\"quform-label quform-label-9_6\"><label class=\"quform-label-text\" for=\"quform_9_6_49d5c0\">Name of the Authorised <span class=\"quform-required\">*<\/span><\/label><\/div><div class=\"quform-inner quform-inner-text quform-inner-9_6\"><div class=\"quform-input quform-input-text quform-input-9_6 quform-cf\"><input type=\"text\" id=\"quform_9_6_49d5c0\" name=\"quform_9_6\" class=\"quform-field quform-field-text quform-field-9_6\" \/><\/div><\/div><\/div><\/div><div class=\"quform-element quform-element-text quform-element-9_11 quform-cf quform-labels-inside quform-element-optional\"><div class=\"quform-spacer\"><div class=\"quform-label quform-label-9_11\"><label class=\"quform-label-text\" for=\"quform_9_11_49d5c0\">Company Name<\/label><\/div><div class=\"quform-inner quform-inner-text quform-inner-9_11\"><div class=\"quform-input quform-input-text quform-input-9_11 quform-cf\"><input type=\"text\" id=\"quform_9_11_49d5c0\" name=\"quform_9_11\" class=\"quform-field quform-field-text quform-field-9_11\" \/><\/div><\/div><\/div><\/div><div class=\"quform-element quform-element-text quform-element-9_7 quform-cf quform-labels-inside quform-element-required\"><div class=\"quform-spacer\"><div class=\"quform-label quform-label-9_7\"><label class=\"quform-label-text\" for=\"quform_9_7_49d5c0\"> The City that want to be the dealersip <span class=\"quform-required\">*<\/span><\/label><\/div><div class=\"quform-inner quform-inner-text quform-inner-9_7\"><div class=\"quform-input quform-input-text quform-input-9_7 quform-cf\"><input type=\"text\" id=\"quform_9_7_49d5c0\" name=\"quform_9_7\" class=\"quform-field quform-field-text quform-field-9_7\" \/><\/div><\/div><\/div><\/div><div class=\"quform-element quform-element-text quform-element-9_8 quform-cf quform-labels-inside quform-element-required\"><div class=\"quform-spacer\"><div class=\"quform-label quform-label-9_8\"><label class=\"quform-label-text\" for=\"quform_9_8_49d5c0\"> Your Address<span class=\"quform-required\">*<\/span><\/label><\/div><div class=\"quform-inner quform-inner-text quform-inner-9_8\"><div class=\"quform-input quform-input-text quform-input-9_8 quform-cf\"><input type=\"text\" id=\"quform_9_8_49d5c0\" name=\"quform_9_8\" class=\"quform-field quform-field-text quform-field-9_8\" \/><\/div><\/div><\/div><\/div><\/div><div class=\"quform-element quform-element-column quform-element-9_5\"><div class=\"quform-element quform-element-email quform-element-9_9 quform-cf quform-labels-inside quform-element-required\"><div class=\"quform-spacer\"><div class=\"quform-label quform-label-9_9\"><label class=\"quform-label-text\" for=\"quform_9_9_49d5c0\">Mail<span class=\"quform-required\">*<\/span><\/label><\/div><div class=\"quform-inner quform-inner-email quform-inner-9_9\"><div class=\"quform-input quform-input-email quform-input-9_9 quform-cf\"><input type=\"email\" id=\"quform_9_9_49d5c0\" name=\"quform_9_9\" class=\"quform-field quform-field-email quform-field-9_9\" \/><\/div><\/div><\/div><\/div><div class=\"quform-element quform-element-text quform-element-9_10 quform-cf quform-labels-inside quform-element-required\"><div class=\"quform-spacer\"><div class=\"quform-label quform-label-9_10\"><label class=\"quform-label-text\" for=\"quform_9_10_49d5c0\"> Phone<span class=\"quform-required\">*<\/span><\/label><\/div><div class=\"quform-inner quform-inner-text quform-inner-9_10\"><div class=\"quform-input quform-input-text quform-input-9_10 quform-cf\"><input type=\"text\" id=\"quform_9_10_49d5c0\" name=\"quform_9_10\" class=\"quform-field quform-field-text quform-field-9_10\" \/><\/div><\/div><\/div><\/div><div class=\"quform-element quform-element-text quform-element-9_12 quform-cf quform-labels-inside quform-element-required\"><div class=\"quform-spacer\"><div class=\"quform-label quform-label-9_12\"><label class=\"quform-label-text\" for=\"quform_9_12_49d5c0\"> Sector Experience <span class=\"quform-required\">*<\/span><\/label><\/div><div class=\"quform-inner quform-inner-text quform-inner-9_12\"><div class=\"quform-input quform-input-text quform-input-9_12 quform-cf\"><input type=\"text\" id=\"quform_9_12_49d5c0\" name=\"quform_9_12\" class=\"quform-field quform-field-text quform-field-9_12\" \/><\/div><\/div><\/div><\/div><div class=\"quform-element quform-element-text quform-element-9_13 quform-cf quform-labels-inside quform-element-required\"><div class=\"quform-spacer\"><div class=\"quform-label quform-label-9_13\"><label class=\"quform-label-text\" for=\"quform_9_13_49d5c0\">Number of Employees <span class=\"quform-required\">*<\/span><\/label><\/div><div class=\"quform-inner quform-inner-text quform-inner-9_13\"><div class=\"quform-input quform-input-text quform-input-9_13 quform-cf\"><input type=\"text\" id=\"quform_9_13_49d5c0\" name=\"quform_9_13\" class=\"quform-field quform-field-text quform-field-9_13\" \/><\/div><\/div><\/div><\/div><\/div><\/div><div class=\"quform-element quform-element-textarea quform-element-9_14 quform-cf quform-labels-inside quform-element-optional\"><div class=\"quform-spacer\"><div class=\"quform-label quform-label-9_14\"><label class=\"quform-label-text\" for=\"quform_9_14_49d5c0\">Your Message<\/label><\/div><div class=\"quform-inner quform-inner-textarea quform-inner-9_14\"><div class=\"quform-input quform-input-textarea quform-input-9_14 quform-cf\"><textarea id=\"quform_9_14_49d5c0\" name=\"quform_9_14\" class=\"quform-field quform-field-textarea quform-field-9_14\"><\/textarea><\/div><\/div><\/div><\/div><div class=\"quform-element quform-element-submit quform-element-9_2 quform-cf quform-button-style-shine-gradient quform-button-size-fat quform-button-width-full\"><div class=\"quform-button-submit quform-button-submit-default quform-button-submit-9_2 quform-button-icon-right\"><button name=\"quform_submit\" type=\"submit\" class=\"quform-submit\" value=\"submit\"><span class=\"quform-button-text quform-button-submit-text\">APPLY NOW<\/span><span class=\"quform-button-icon quform-button-submit-icon\"><i class=\"qicon-paper-plane\"><\/i><\/span><\/button><\/div><div class=\"quform-loading quform-loading-position-left quform-loading-type-spinner-1\"><div class=\"quform-loading-inner\"><div class=\"quform-loading-spinner\"><div class=\"quform-loading-spinner-inner\"><\/div><\/div><\/div><\/div><\/div><div class=\"quform-element-tree\"><label for=\"quform_9_0_49d5c0\">This field should be left blank<\/label><input type=\"text\" id=\"quform_9_0_49d5c0\" name=\"quform_9_0\" class=\"quform-field quform-field-tree quform-field-9_0\" tabindex=\"-1\" autocomplete=\"off\" \/><\/div><\/div><\/div><\/div><\/div><\/form><\/div>\n","protected":false},"excerpt":{"rendered":"<p>DO YOU WANT TO BE OUR DEALER OR BUS\u0130NESS PARTNER? If you have decided to take part in the Water Treatment Systems sector; we will be happy to work with you. All filters, tanks and other spare equipment used in our systems have certificate, which is a Food Compliance certificate from . All of our [&hellip;]<\/p>\n","protected":false},"author":1,"featured_media":0,"parent":0,"menu_order":0,"comment_status":"closed","ping_status":"closed","template":"","meta":{"footnotes":""},"class_list":["post-984","page","type-page","status-publish","hentry"],"yoast_head":"<!-- This site is optimized with the Yoast SEO plugin v23.5 - https:\/\/yoast.com\/wordpress\/plugins\/seo\/ -->\n<title>Local Dealer - Alkalix Su Ar\u0131tma Sistemleri<\/title>\n<meta name=\"robots\" content=\"index, follow, max-snippet:-1, max-image-preview:large, max-video-preview:-1\" \/>\n<link rel=\"canonical\" href=\"https:\/\/alkalix.com.tr\/bolge-bayilerimiz\/\" \/>\n<meta property=\"og:locale\" content=\"en_US\" \/>\n<meta property=\"og:type\" content=\"article\" \/>\n<meta property=\"og:title\" content=\"Local Dealer - Alkalix Su Ar\u0131tma Sistemleri\" \/>\n<meta property=\"og:description\" content=\"DO YOU WANT TO BE OUR DEALER OR BUS\u0130NESS PARTNER? If you have decided to take part in the Water Treatment Systems sector; we will be happy to work with you. All filters, tanks and other spare equipment used in our systems have certificate, which is a Food Compliance certificate from . All of our [&hellip;]\" \/>\n<meta property=\"og:url\" content=\"https:\/\/alkalix.com.tr\/bolge-bayilerimiz\/\" \/>\n<meta property=\"og:site_name\" content=\"Alkalix Su Ar\u0131tma Sistemleri\" \/>\n<meta property=\"article:modified_time\" content=\"2021-01-16T19:46:24+00:00\" \/>\n<meta property=\"og:image\" content=\"https:\/\/alkalix.com.tr\/wp-content\/uploads\/2019\/02\/bayi.jpg\" \/>\n<meta name=\"twitter:card\" content=\"summary_large_image\" \/>\n<meta name=\"twitter:label1\" content=\"Est. reading time\" \/>\n\t<meta name=\"twitter:data1\" content=\"1 minute\" \/>\n<script type=\"application\/ld+json\" class=\"yoast-schema-graph\">{\"@context\":\"https:\/\/schema.org\",\"@graph\":[{\"@type\":\"WebPage\",\"@id\":\"https:\/\/alkalix.com.tr\/bolge-bayilerimiz\/\",\"url\":\"https:\/\/alkalix.com.tr\/bolge-bayilerimiz\/\",\"name\":\"Local Dealer - Alkalix Su Ar\u0131tma Sistemleri\",\"isPartOf\":{\"@id\":\"https:\/\/alkalix.com.tr\/#website\"},\"primaryImageOfPage\":{\"@id\":\"https:\/\/alkalix.com.tr\/bolge-bayilerimiz\/#primaryimage\"},\"image\":{\"@id\":\"https:\/\/alkalix.com.tr\/bolge-bayilerimiz\/#primaryimage\"},\"thumbnailUrl\":\"https:\/\/alkalix.com.tr\/wp-content\/uploads\/2019\/02\/bayi.jpg\",\"datePublished\":\"2019-01-23T11:52:34+00:00\",\"dateModified\":\"2021-01-16T19:46:24+00:00\",\"breadcrumb\":{\"@id\":\"https:\/\/alkalix.com.tr\/bolge-bayilerimiz\/#breadcrumb\"},\"inLanguage\":\"en-US\",\"potentialAction\":[{\"@type\":\"ReadAction\",\"target\":[\"https:\/\/alkalix.com.tr\/bolge-bayilerimiz\/\"]}]},{\"@type\":\"ImageObject\",\"inLanguage\":\"en-US\",\"@id\":\"https:\/\/alkalix.com.tr\/bolge-bayilerimiz\/#primaryimage\",\"url\":\"https:\/\/alkalix.com.tr\/wp-content\/uploads\/2019\/02\/bayi.jpg\",\"contentUrl\":\"https:\/\/alkalix.com.tr\/wp-content\/uploads\/2019\/02\/bayi.jpg\"},{\"@type\":\"BreadcrumbList\",\"@id\":\"https:\/\/alkalix.com.tr\/bolge-bayilerimiz\/#breadcrumb\",\"itemListElement\":[{\"@type\":\"ListItem\",\"position\":1,\"name\":\"Ana sayfa\",\"item\":\"https:\/\/alkalix.com.tr\/en\/\"},{\"@type\":\"ListItem\",\"position\":2,\"name\":\"Local Dealer\"}]},{\"@type\":\"WebSite\",\"@id\":\"https:\/\/alkalix.com.tr\/#website\",\"url\":\"https:\/\/alkalix.com.tr\/\",\"name\":\"Alkalix Su Ar\u0131tma Sistemleri\",\"description\":\"MTM End\u00fcstriyel Su Ar\u0131tma ve Proje Uygulama Sis. San. Tic. Ltd. \u015eti.\",\"potentialAction\":[{\"@type\":\"SearchAction\",\"target\":{\"@type\":\"EntryPoint\",\"urlTemplate\":\"https:\/\/alkalix.com.tr\/?s={search_term_string}\"},\"query-input\":{\"@type\":\"PropertyValueSpecification\",\"valueRequired\":true,\"valueName\":\"search_term_string\"}}],\"inLanguage\":\"en-US\"}]}<\/script>\n<!-- \/ Yoast SEO plugin. -->","yoast_head_json":{"title":"Local Dealer - Alkalix Su Ar\u0131tma Sistemleri","robots":{"index":"index","follow":"follow","max-snippet":"max-snippet:-1","max-image-preview":"max-image-preview:large","max-video-preview":"max-video-preview:-1"},"canonical":"https:\/\/alkalix.com.tr\/bolge-bayilerimiz\/","og_locale":"en_US","og_type":"article","og_title":"Local Dealer - Alkalix Su Ar\u0131tma Sistemleri","og_description":"DO YOU WANT TO BE OUR DEALER OR BUS\u0130NESS PARTNER? If you have decided to take part in the Water Treatment Systems sector; we will be happy to work with you. All filters, tanks and other spare equipment used in our systems have certificate, which is a Food Compliance certificate from . All of our [&hellip;]","og_url":"https:\/\/alkalix.com.tr\/bolge-bayilerimiz\/","og_site_name":"Alkalix Su Ar\u0131tma Sistemleri","article_modified_time":"2021-01-16T19:46:24+00:00","og_image":[{"url":"https:\/\/alkalix.com.tr\/wp-content\/uploads\/2019\/02\/bayi.jpg"}],"twitter_card":"summary_large_image","twitter_misc":{"Est. reading time":"1 minute"},"schema":{"@context":"https:\/\/schema.org","@graph":[{"@type":"WebPage","@id":"https:\/\/alkalix.com.tr\/bolge-bayilerimiz\/","url":"https:\/\/alkalix.com.tr\/bolge-bayilerimiz\/","name":"Local Dealer - Alkalix Su Ar\u0131tma Sistemleri","isPartOf":{"@id":"https:\/\/alkalix.com.tr\/#website"},"primaryImageOfPage":{"@id":"https:\/\/alkalix.com.tr\/bolge-bayilerimiz\/#primaryimage"},"image":{"@id":"https:\/\/alkalix.com.tr\/bolge-bayilerimiz\/#primaryimage"},"thumbnailUrl":"https:\/\/alkalix.com.tr\/wp-content\/uploads\/2019\/02\/bayi.jpg","datePublished":"2019-01-23T11:52:34+00:00","dateModified":"2021-01-16T19:46:24+00:00","breadcrumb":{"@id":"https:\/\/alkalix.com.tr\/bolge-bayilerimiz\/#breadcrumb"},"inLanguage":"en-US","potentialAction":[{"@type":"ReadAction","target":["https:\/\/alkalix.com.tr\/bolge-bayilerimiz\/"]}]},{"@type":"ImageObject","inLanguage":"en-US","@id":"https:\/\/alkalix.com.tr\/bolge-bayilerimiz\/#primaryimage","url":"https:\/\/alkalix.com.tr\/wp-content\/uploads\/2019\/02\/bayi.jpg","contentUrl":"https:\/\/alkalix.com.tr\/wp-content\/uploads\/2019\/02\/bayi.jpg"},{"@type":"BreadcrumbList","@id":"https:\/\/alkalix.com.tr\/bolge-bayilerimiz\/#breadcrumb","itemListElement":[{"@type":"ListItem","position":1,"name":"Ana sayfa","item":"https:\/\/alkalix.com.tr\/en\/"},{"@type":"ListItem","position":2,"name":"Local Dealer"}]},{"@type":"WebSite","@id":"https:\/\/alkalix.com.tr\/#website","url":"https:\/\/alkalix.com.tr\/","name":"Alkalix Su Ar\u0131tma Sistemleri","description":"MTM End\u00fcstriyel Su Ar\u0131tma ve Proje Uygulama Sis. San. Tic. Ltd. \u015eti.","potentialAction":[{"@type":"SearchAction","target":{"@type":"EntryPoint","urlTemplate":"https:\/\/alkalix.com.tr\/?s={search_term_string}"},"query-input":{"@type":"PropertyValueSpecification","valueRequired":true,"valueName":"search_term_string"}}],"inLanguage":"en-US"}]}},"_links":{"self":[{"href":"https:\/\/alkalix.com.tr\/en\/wp-json\/wp\/v2\/pages\/984"}],"collection":[{"href":"https:\/\/alkalix.com.tr\/en\/wp-json\/wp\/v2\/pages"}],"about":[{"href":"https:\/\/alkalix.com.tr\/en\/wp-json\/wp\/v2\/types\/page"}],"author":[{"embeddable":true,"href":"https:\/\/alkalix.com.tr\/en\/wp-json\/wp\/v2\/users\/1"}],"replies":[{"embeddable":true,"href":"https:\/\/alkalix.com.tr\/en\/wp-json\/wp\/v2\/comments?post=984"}],"version-history":[{"count":1,"href":"https:\/\/alkalix.com.tr\/en\/wp-json\/wp\/v2\/pages\/984\/revisions"}],"predecessor-version":[{"id":1232,"href":"https:\/\/alkalix.com.tr\/en\/wp-json\/wp\/v2\/pages\/984\/revisions\/1232"}],"wp:attachment":[{"href":"https:\/\/alkalix.com.tr\/en\/wp-json\/wp\/v2\/media?parent=984"}],"curies":[{"name":"wp","href":"https:\/\/api.w.org\/{rel}","templated":true}]}}