{"id":1045,"date":"2019-01-23T20:45:32","date_gmt":"2019-01-23T17:45:32","guid":{"rendered":"https:\/\/www.alkalix.com.tr\/blog\/"},"modified":"2019-09-05T04:09:10","modified_gmt":"2019-09-05T01:09:10","slug":"blog","status":"publish","type":"page","link":"https:\/\/alkalix.com.tr\/en\/blog\/","title":{"rendered":"Blog"},"content":{"rendered":"<div class=\"vc_row wpb_row vc_row-fluid tm-row-textcolor-default tm-row-bgtype-default tm-custom-69731\"><div class=\"tm-bg-overlay\"><\/div><!-- ThemeMount custom DIV added --><div class=\"wpb_column vc_column_container vc_col-sm-12 \"><div class=\"vc_column-inner \"><div class=\"wpb_wrapper\">\n<div class=\"vc_grid-container-wrapper vc_clearfix vc_grid-animation-fadeIn\">\n\t<div class=\"vc_grid-container vc_clearfix wpb_content_element vc_basic_grid\" data-initial-loading-animation=\"fadeIn\" data-vc-grid-settings=\"{&quot;page_id&quot;:1045,&quot;style&quot;:&quot;lazy&quot;,&quot;action&quot;:&quot;vc_get_vc_grid_data&quot;,&quot;shortcode_id&quot;:&quot;1548283369827-65a1f74d-d486-8&quot;,&quot;items_per_page&quot;:&quot;5&quot;,&quot;tag&quot;:&quot;vc_basic_grid&quot;}\" data-vc-request=\"https:\/\/alkalix.com.tr\/wp-admin\/admin-ajax.php?lang=en\" data-vc-post-id=\"1045\" data-vc-public-nonce=\"6f36968d40\">\n\t\t\n\t<\/div>\n<\/div><\/div><\/div><\/div><\/div>\r\n\r\n\r\n<!-- ThemeMount custom CSS - Start -->\r\n\r\n\r\n\r\n<!-- Patch: This is to remove the closing <\/p> tag which appear dynamically -->\r\n<div class=\"tm-last-div-in-row\"><\/div>\r\n\n","protected":false},"excerpt":{"rendered":"","protected":false},"author":1,"featured_media":0,"parent":0,"menu_order":0,"comment_status":"closed","ping_status":"closed","template":"","meta":{"footnotes":""},"class_list":["post-1045","page","type-page","status-publish","hentry"],"yoast_head":"<!-- This site is optimized with the Yoast SEO plugin v23.5 - https:\/\/yoast.com\/wordpress\/plugins\/seo\/ -->\n<title>Blog - Alkalix Su Ar\u0131tma Sistemleri<\/title>\n<meta name=\"robots\" content=\"index, follow, max-snippet:-1, max-image-preview:large, max-video-preview:-1\" \/>\n<link rel=\"canonical\" href=\"https:\/\/alkalix.com.tr\/blog\/\" \/>\n<meta property=\"og:locale\" content=\"en_US\" \/>\n<meta property=\"og:type\" content=\"article\" \/>\n<meta property=\"og:title\" content=\"Blog - Alkalix Su Ar\u0131tma Sistemleri\" \/>\n<meta property=\"og:url\" content=\"https:\/\/alkalix.com.tr\/blog\/\" \/>\n<meta property=\"og:site_name\" content=\"Alkalix Su Ar\u0131tma Sistemleri\" \/>\n<meta property=\"article:modified_time\" content=\"2019-09-05T01:09:10+00:00\" \/>\n<meta name=\"twitter:card\" content=\"summary_large_image\" \/>\n<script type=\"application\/ld+json\" class=\"yoast-schema-graph\">{\"@context\":\"https:\/\/schema.org\",\"@graph\":[{\"@type\":\"WebPage\",\"@id\":\"https:\/\/alkalix.com.tr\/blog\/\",\"url\":\"https:\/\/alkalix.com.tr\/blog\/\",\"name\":\"Blog - Alkalix Su Ar\u0131tma Sistemleri\",\"isPartOf\":{\"@id\":\"https:\/\/alkalix.com.tr\/#website\"},\"datePublished\":\"2019-01-23T17:45:32+00:00\",\"dateModified\":\"2019-09-05T01:09:10+00:00\",\"breadcrumb\":{\"@id\":\"https:\/\/alkalix.com.tr\/blog\/#breadcrumb\"},\"inLanguage\":\"en-US\",\"potentialAction\":[{\"@type\":\"ReadAction\",\"target\":[\"https:\/\/alkalix.com.tr\/blog\/\"]}]},{\"@type\":\"BreadcrumbList\",\"@id\":\"https:\/\/alkalix.com.tr\/blog\/#breadcrumb\",\"itemListElement\":[{\"@type\":\"ListItem\",\"position\":1,\"name\":\"Ana sayfa\",\"item\":\"https:\/\/alkalix.com.tr\/en\/\"},{\"@type\":\"ListItem\",\"position\":2,\"name\":\"Blog\"}]},{\"@type\":\"WebSite\",\"@id\":\"https:\/\/alkalix.com.tr\/#website\",\"url\":\"https:\/\/alkalix.com.tr\/\",\"name\":\"Alkalix Su Ar\u0131tma Sistemleri\",\"description\":\"MTM End\u00fcstriyel Su Ar\u0131tma ve Proje Uygulama Sis. San. Tic. Ltd. \u015eti.\",\"potentialAction\":[{\"@type\":\"SearchAction\",\"target\":{\"@type\":\"EntryPoint\",\"urlTemplate\":\"https:\/\/alkalix.com.tr\/?s={search_term_string}\"},\"query-input\":{\"@type\":\"PropertyValueSpecification\",\"valueRequired\":true,\"valueName\":\"search_term_string\"}}],\"inLanguage\":\"en-US\"}]}<\/script>\n<!-- \/ Yoast SEO plugin. -->","yoast_head_json":{"title":"Blog - Alkalix Su Ar\u0131tma Sistemleri","robots":{"index":"index","follow":"follow","max-snippet":"max-snippet:-1","max-image-preview":"max-image-preview:large","max-video-preview":"max-video-preview:-1"},"canonical":"https:\/\/alkalix.com.tr\/blog\/","og_locale":"en_US","og_type":"article","og_title":"Blog - Alkalix Su Ar\u0131tma Sistemleri","og_url":"https:\/\/alkalix.com.tr\/blog\/","og_site_name":"Alkalix Su Ar\u0131tma Sistemleri","article_modified_time":"2019-09-05T01:09:10+00:00","twitter_card":"summary_large_image","schema":{"@context":"https:\/\/schema.org","@graph":[{"@type":"WebPage","@id":"https:\/\/alkalix.com.tr\/blog\/","url":"https:\/\/alkalix.com.tr\/blog\/","name":"Blog - Alkalix Su Ar\u0131tma Sistemleri","isPartOf":{"@id":"https:\/\/alkalix.com.tr\/#website"},"datePublished":"2019-01-23T17:45:32+00:00","dateModified":"2019-09-05T01:09:10+00:00","breadcrumb":{"@id":"https:\/\/alkalix.com.tr\/blog\/#breadcrumb"},"inLanguage":"en-US","potentialAction":[{"@type":"ReadAction","target":["https:\/\/alkalix.com.tr\/blog\/"]}]},{"@type":"BreadcrumbList","@id":"https:\/\/alkalix.com.tr\/blog\/#breadcrumb","itemListElement":[{"@type":"ListItem","position":1,"name":"Ana sayfa","item":"https:\/\/alkalix.com.tr\/en\/"},{"@type":"ListItem","position":2,"name":"Blog"}]},{"@type":"WebSite","@id":"https:\/\/alkalix.com.tr\/#website","url":"https:\/\/alkalix.com.tr\/","name":"Alkalix Su Ar\u0131tma Sistemleri","description":"MTM End\u00fcstriyel Su Ar\u0131tma ve Proje Uygulama Sis. San. Tic. Ltd. \u015eti.","potentialAction":[{"@type":"SearchAction","target":{"@type":"EntryPoint","urlTemplate":"https:\/\/alkalix.com.tr\/?s={search_term_string}"},"query-input":{"@type":"PropertyValueSpecification","valueRequired":true,"valueName":"search_term_string"}}],"inLanguage":"en-US"}]}},"_links":{"self":[{"href":"https:\/\/alkalix.com.tr\/en\/wp-json\/wp\/v2\/pages\/1045"}],"collection":[{"href":"https:\/\/alkalix.com.tr\/en\/wp-json\/wp\/v2\/pages"}],"about":[{"href":"https:\/\/alkalix.com.tr\/en\/wp-json\/wp\/v2\/types\/page"}],"author":[{"embeddable":true,"href":"https:\/\/alkalix.com.tr\/en\/wp-json\/wp\/v2\/users\/1"}],"replies":[{"embeddable":true,"href":"https:\/\/alkalix.com.tr\/en\/wp-json\/wp\/v2\/comments?post=1045"}],"version-history":[{"count":0,"href":"https:\/\/alkalix.com.tr\/en\/wp-json\/wp\/v2\/pages\/1045\/revisions"}],"wp:attachment":[{"href":"https:\/\/alkalix.com.tr\/en\/wp-json\/wp\/v2\/media?parent=1045"}],"curies":[{"name":"wp","href":"https:\/\/api.w.org\/{rel}","templated":true}]}}