{"id":1037,"date":"2019-01-27T03:00:34","date_gmt":"2019-01-27T00:00:34","guid":{"rendered":"https:\/\/www.alkalix.com.tr\/urun-siparis-formu\/"},"modified":"2019-09-05T02:54:22","modified_gmt":"2019-09-04T23:54:22","slug":"produst-request-form","status":"publish","type":"page","link":"https:\/\/alkalix.com.tr\/en\/produst-request-form\/","title":{"rendered":"Produst Request Form"},"content":{"rendered":"<div class=\"vc_row wpb_row vc_row-fluid tm-row-textcolor-default tm-row-bgtype-default tm-custom-80563\"><div class=\"tm-bg-overlay\"><\/div><!-- ThemeMount custom DIV added --><div class=\"wpb_column vc_column_container vc_col-sm-6 \"><div class=\"vc_column-inner \"><div class=\"wpb_wrapper\">\n\t<div  class=\"wpb_single_image wpb_content_element vc_align_left\">\n\t\t\n\t\t<figure class=\"wpb_wrapper vc_figure\">\n\t\t\t<div class=\"vc_single_image-wrapper   vc_box_border_grey\"><img loading=\"lazy\" decoding=\"async\" width=\"911\" height=\"933\" src=\"https:\/\/alkalix.com.tr\/wp-content\/uploads\/2019\/01\/siparis.jpg\" class=\"vc_single_image-img attachment-full\" alt=\"\" srcset=\"https:\/\/alkalix.com.tr\/wp-content\/uploads\/2019\/01\/siparis.jpg 911w, https:\/\/alkalix.com.tr\/wp-content\/uploads\/2019\/01\/siparis-293x300.jpg 293w, https:\/\/alkalix.com.tr\/wp-content\/uploads\/2019\/01\/siparis-768x787.jpg 768w, https:\/\/alkalix.com.tr\/wp-content\/uploads\/2019\/01\/siparis-835x855.jpg 835w, https:\/\/alkalix.com.tr\/wp-content\/uploads\/2019\/01\/siparis-723x740.jpg 723w, https:\/\/alkalix.com.tr\/wp-content\/uploads\/2019\/01\/siparis-512x524.jpg 512w\" sizes=\"(max-width: 911px) 100vw, 911px\" data-id=\"843\" \/><\/div>\n\t\t<\/figure>\n\t<\/div>\n<\/div><\/div><\/div><div class=\"wpb_column vc_column_container vc_col-sm-6 \"><div class=\"vc_column-inner \"><div class=\"wpb_wrapper\">\n\t<div class=\"wpb_text_column wpb_content_element \" >\n\t\t<div class=\"wpb_wrapper\">\n\t\t\t<div id=\"quform-2e746c\" class=\"quform quform-5 quform-support-page-caching\"><form id=\"quform-form-2e746c\" class=\"quform-form quform-form-5\" action=\"\/en\/wp-json\/wp\/v2\/pages\/1037#quform-2e746c\" method=\"post\" enctype=\"multipart\/form-data\" novalidate=\"novalidate\" data-options=\"{&quot;id&quot;:5,&quot;uniqueId&quot;:&quot;2e746c&quot;,&quot;theme&quot;:&quot;&quot;,&quot;ajax&quot;:true,&quot;logic&quot;:{&quot;logic&quot;:[],&quot;dependents&quot;:[],&quot;elementIds&quot;:[],&quot;dependentElementIds&quot;:[],&quot;animate&quot;:true},&quot;currentPageId&quot;:1,&quot;errorsIcon&quot;:&quot;&quot;,&quot;updateFancybox&quot;:true,&quot;hasPages&quot;:false,&quot;pages&quot;:[1],&quot;pageProgressType&quot;:&quot;numbers&quot;,&quot;tooltipsEnabled&quot;:true,&quot;tooltipClasses&quot;:&quot;qtip-quform-dark qtip-shadow&quot;,&quot;tooltipMy&quot;:&quot;left center&quot;,&quot;tooltipAt&quot;:&quot;right center&quot;,&quot;isRtl&quot;:false,&quot;scrollOffset&quot;:-50,&quot;scrollSpeed&quot;:800}\"><button class=\"quform-default-submit\" name=\"quform_submit\" type=\"submit\" value=\"submit\" aria-hidden=\"true\" tabindex=\"-1\"><\/button><div class=\"quform-form-inner quform-form-inner-5\"><input type=\"hidden\" name=\"quform_form_id\" value=\"5\" \/><input type=\"hidden\" name=\"quform_form_uid\" value=\"2e746c\" \/><input type=\"hidden\" name=\"quform_count\" value=\"1\" \/><input type=\"hidden\" name=\"form_url\" value=\"https:\/\/alkalix.com.tr\/en\/wp-json\/wp\/v2\/pages\/1037\" \/><input type=\"hidden\" name=\"referring_url\" value=\"\" \/><input type=\"hidden\" name=\"post_id\" value=\"\" \/><input type=\"hidden\" name=\"post_title\" value=\"\" \/><input type=\"hidden\" name=\"quform_current_page_id\" value=\"1\" \/><input type=\"hidden\" name=\"quform_csrf_token\" value=\"gUxgooCItHWerbGhI9jcUhTHvk2UYnvr9mzUcbOh\" \/><div class=\"quform-elements quform-elements-5 quform-cf quform-responsive-elements-phone-landscape\"><div class=\"quform-element quform-element-page quform-page-1 quform-page-5_1 quform-cf quform-group-style-plain quform-first-page quform-last-page quform-current-page\"><div class=\"quform-child-elements\"><div class=\"quform-element quform-element-html quform-element-5_13 quform-cf\"><div class=\"quform-spacer\"><h3 style=\"text-align: center;\"><strong>\u00dcR\u00dcN S\u0130PAR\u0130\u015e FORMU<\/strong><\/h3><\/div><\/div><div class=\"quform-element quform-element-text quform-element-5_3 quform-cf quform-labels-inside quform-element-required\"><div class=\"quform-spacer\"><div class=\"quform-label quform-label-5_3\"><label class=\"quform-label-text\" for=\"quform_5_3_2e746c\">AD SOYAD<span class=\"quform-required\">*<\/span><\/label><\/div><div class=\"quform-inner quform-inner-text quform-inner-5_3\"><div class=\"quform-input quform-input-text quform-input-5_3 quform-cf\"><input type=\"text\" id=\"quform_5_3_2e746c\" name=\"quform_5_3\" class=\"quform-field quform-field-text quform-field-5_3\" \/><\/div><\/div><\/div><\/div><div class=\"quform-element quform-element-text quform-element-5_4 quform-cf quform-labels-inside quform-element-required\"><div class=\"quform-spacer\"><div class=\"quform-label quform-label-5_4\"><label class=\"quform-label-text\" for=\"quform_5_4_2e746c\">TELEFON<span class=\"quform-required\">*<\/span><\/label><\/div><div class=\"quform-inner quform-inner-text quform-inner-5_4\"><div class=\"quform-input quform-input-text quform-input-5_4 quform-cf\"><input type=\"text\" id=\"quform_5_4_2e746c\" name=\"quform_5_4\" class=\"quform-field quform-field-text quform-field-5_4\" \/><\/div><\/div><\/div><\/div><div class=\"quform-element quform-element-email quform-element-5_5 quform-cf quform-labels-inside quform-element-required\"><div class=\"quform-spacer\"><div class=\"quform-label quform-label-5_5\"><label class=\"quform-label-text\" for=\"quform_5_5_2e746c\">E-POSTA<span class=\"quform-required\">*<\/span><\/label><\/div><div class=\"quform-inner quform-inner-email quform-inner-5_5\"><div class=\"quform-input quform-input-email quform-input-5_5 quform-cf\"><input type=\"email\" id=\"quform_5_5_2e746c\" name=\"quform_5_5\" class=\"quform-field quform-field-email quform-field-5_5\" \/><\/div><\/div><\/div><\/div><div class=\"quform-element quform-element-textarea quform-element-5_10 quform-cf quform-labels-inside quform-element-optional\"><div class=\"quform-spacer\"><div class=\"quform-label quform-label-5_10\"><label class=\"quform-label-text\" for=\"quform_5_10_2e746c\">ADRES\u0130N\u0130Z<\/label><\/div><div class=\"quform-inner quform-inner-textarea quform-inner-5_10\"><div class=\"quform-input quform-input-textarea quform-input-5_10 quform-cf\"><textarea id=\"quform_5_10_2e746c\" name=\"quform_5_10\" class=\"quform-field quform-field-textarea quform-field-5_10\"><\/textarea><\/div><\/div><\/div><\/div><div class=\"quform-element quform-element-select quform-element-5_14 quform-cf quform-element-required\"><div class=\"quform-spacer\"><div class=\"quform-inner quform-inner-select quform-inner-5_14\"><div class=\"quform-input quform-input-select quform-input-5_14 quform-cf\"><select id=\"quform_5_14_2e746c\" name=\"quform_5_14\" class=\"quform-field quform-field-select quform-field-5_14\"><option value=\"\" selected=\"selected\">\u00dcR\u00dcN SE\u00c7\u0130N\u0130Z<\/option><option value=\"EVOQUA POMPASIZ SU ARITMA S\u0130STEM\u0130\">EVOQUA POMPASIZ SU ARITMA S\u0130STEM\u0130<\/option><option value=\"EVOQUA POMPALI SU ARITMA S\u0130STEM\u0130\">EVOQUA POMPALI SU ARITMA S\u0130STEM\u0130<\/option><\/select><\/div><\/div><\/div><\/div><div class=\"quform-element quform-element-radio quform-element-5_9 quform-cf quform-element-required\"><div class=\"quform-spacer\"><div class=\"quform-label quform-label-5_9\"><label class=\"quform-label-text\" id=\"quform_5_9_2e746c_label\">\u00dcR\u00dcN MODEL\u0130 SE\u00c7\u0130N\u0130Z<span class=\"quform-required\">*<\/span><\/label><\/div><div class=\"quform-inner quform-inner-radio quform-inner-5_9\"><div class=\"quform-input quform-input-radio quform-input-5_9 quform-cf\"><div class=\"quform-options quform-cf quform-options-columns quform-3-columns quform-responsive-columns-phone-landscape quform-options-style-button quform-button-style-shine-gradient quform-button-size-slim quform-button-width-small quform-button-icon-left\" role=\"radiogroup\" aria-labelledby=\"quform_5_9_2e746c_label\"><div class=\"quform-option\"><input type=\"radio\" name=\"quform_5_9\" id=\"quform_5_9_2e746c_1\" class=\"quform-field quform-field-radio quform-field-5_9 quform-field-5_9_1\" value=\"PREMIUM A++\" \/><label for=\"quform_5_9_2e746c_1\" class=\"quform-option-label quform-option-label-5_9_1\"><span class=\"quform-option-text\">PREMIUM A++<\/span><\/label><\/div><div class=\"quform-option\"><input type=\"radio\" name=\"quform_5_9\" id=\"quform_5_9_2e746c_2\" class=\"quform-field quform-field-radio quform-field-5_9 quform-field-5_9_2\" value=\"MEDIUM B\" \/><label for=\"quform_5_9_2e746c_2\" class=\"quform-option-label quform-option-label-5_9_2\"><span class=\"quform-option-text\">MEDIUM B<\/span><\/label><\/div><div class=\"quform-option\"><input type=\"radio\" name=\"quform_5_9\" id=\"quform_5_9_2e746c_3\" class=\"quform-field quform-field-radio quform-field-5_9 quform-field-5_9_3\" value=\"SMART C\" \/><label for=\"quform_5_9_2e746c_3\" class=\"quform-option-label quform-option-label-5_9_3\"><span class=\"quform-option-text\">SMART C<\/span><\/label><\/div><\/div><\/div><\/div><\/div><\/div><div class=\"quform-element quform-element-select quform-element-5_16 quform-cf quform-element-required\"><div class=\"quform-spacer\"><div class=\"quform-inner quform-inner-select quform-inner-5_16\"><div class=\"quform-input quform-input-select quform-input-5_16 quform-cf\"><select id=\"quform_5_16_2e746c\" name=\"quform_5_16\" class=\"quform-field quform-field-select quform-field-5_16\"><option value=\"\" selected=\"selected\">RENK SE\u00c7\u0130N\u0130Z<\/option><option value=\"MAV\u0130\">MAV\u0130<\/option><option value=\"KIRMIZI\">KIRMIZI<\/option><option value=\"S\u0130YAH\">S\u0130YAH<\/option><\/select><\/div><\/div><\/div><\/div><div class=\"quform-element quform-element-select quform-element-5_12 quform-cf quform-element-required\"><div class=\"quform-spacer\"><div class=\"quform-inner quform-inner-select quform-inner-5_12\"><div class=\"quform-input quform-input-select quform-input-5_12 quform-cf\"><select id=\"quform_5_12_2e746c\" name=\"quform_5_12\" class=\"quform-field quform-field-select quform-field-5_12\"><option value=\"\" selected=\"selected\">\u00d6DEME Y\u00d6NET\u0130M\u0130 SE\u00c7\u0130N\u0130Z<\/option><option value=\"KRED\u0130 KARTI\">KRED\u0130 KARTI<\/option><option value=\"NAK\u0130T \/ BANKA HAVALES\u0130\">NAK\u0130T \/ BANKA HAVALES\u0130<\/option><\/select><\/div><\/div><\/div><\/div><div class=\"quform-element quform-element-submit quform-element-5_2 quform-cf quform-button-style-theme quform-button-width-full\"><div class=\"quform-button-submit quform-button-submit-default quform-button-submit-5_2 quform-button-icon-left\"><button name=\"quform_submit\" type=\"submit\" class=\"quform-submit\" value=\"submit\"><span class=\"quform-button-icon quform-button-submit-icon\"><i class=\"fa fa-shopping-cart\"><\/i><\/span><span class=\"quform-button-text quform-button-submit-text\">S\u0130PAR\u0130\u015e VER<\/span><\/button><\/div><div class=\"quform-loading quform-loading-position-left quform-loading-type-spinner-1\"><div class=\"quform-loading-inner\"><div class=\"quform-loading-spinner\"><div class=\"quform-loading-spinner-inner\"><\/div><\/div><\/div><\/div><\/div><div class=\"quform-element-tree\"><label for=\"quform_5_0_2e746c\">This field should be left blank<\/label><input type=\"text\" id=\"quform_5_0_2e746c\" name=\"quform_5_0\" class=\"quform-field quform-field-tree quform-field-5_0\" tabindex=\"-1\" autocomplete=\"off\" \/><\/div><\/div><\/div><\/div><\/div><\/form><\/div>\n\n\t\t<\/div>\n\t<\/div>\n<\/div><\/div><\/div><\/div>\r\n\r\n\r\n<!-- ThemeMount custom CSS - Start -->\r\n\r\n\r\n\r\n<!-- Patch: This is to remove the closing <\/p> tag which appear dynamically -->\r\n<div class=\"tm-last-div-in-row\"><\/div>\r\n\n","protected":false},"excerpt":{"rendered":"\u00dcR\u00dcN S\u0130PAR\u0130\u015e FORMUAD SOYAD*TELEFON*E-POSTA*ADRES\u0130N\u0130Z\u00dcR\u00dcN SE\u00c7\u0130N\u0130ZEVOQUA POMPASIZ SU ARITMA S\u0130STEM\u0130EVOQUA POMPALI SU ARITMA S\u0130STEM\u0130\u00dcR\u00dcN MODEL\u0130 SE\u00c7\u0130N\u0130Z*PREMIUM A++MEDIUM BSMART CRENK SE\u00c7\u0130N\u0130ZMAV\u0130KIRMIZIS\u0130YAH\u00d6DEME Y\u00d6NET\u0130M\u0130 SE\u00c7\u0130N\u0130ZKRED\u0130 KARTINAK\u0130T \/ BANKA HAVALES\u0130S\u0130PAR\u0130\u015e VERThis field should be left blank","protected":false},"author":1,"featured_media":0,"parent":0,"menu_order":0,"comment_status":"closed","ping_status":"closed","template":"","meta":{"footnotes":""},"class_list":["post-1037","page","type-page","status-publish","hentry"],"yoast_head":"<!-- This site is optimized with the Yoast SEO plugin v23.5 - https:\/\/yoast.com\/wordpress\/plugins\/seo\/ -->\n<title>Produst Request Form - Alkalix Su Ar\u0131tma Sistemleri<\/title>\n<meta name=\"robots\" content=\"index, follow, max-snippet:-1, max-image-preview:large, max-video-preview:-1\" \/>\n<link rel=\"canonical\" href=\"https:\/\/alkalix.com.tr\/urun-siparis-formu\/\" \/>\n<meta property=\"og:locale\" content=\"en_US\" \/>\n<meta property=\"og:type\" content=\"article\" \/>\n<meta property=\"og:title\" content=\"Produst Request Form - Alkalix Su Ar\u0131tma Sistemleri\" \/>\n<meta property=\"og:url\" content=\"https:\/\/alkalix.com.tr\/urun-siparis-formu\/\" \/>\n<meta property=\"og:site_name\" content=\"Alkalix Su Ar\u0131tma Sistemleri\" \/>\n<meta property=\"article:modified_time\" content=\"2019-09-04T23:54:22+00:00\" \/>\n<meta name=\"twitter:card\" content=\"summary_large_image\" \/>\n<script type=\"application\/ld+json\" class=\"yoast-schema-graph\">{\"@context\":\"https:\/\/schema.org\",\"@graph\":[{\"@type\":\"WebPage\",\"@id\":\"https:\/\/alkalix.com.tr\/urun-siparis-formu\/\",\"url\":\"https:\/\/alkalix.com.tr\/urun-siparis-formu\/\",\"name\":\"Produst Request Form - Alkalix Su Ar\u0131tma Sistemleri\",\"isPartOf\":{\"@id\":\"https:\/\/alkalix.com.tr\/#website\"},\"datePublished\":\"2019-01-27T00:00:34+00:00\",\"dateModified\":\"2019-09-04T23:54:22+00:00\",\"breadcrumb\":{\"@id\":\"https:\/\/alkalix.com.tr\/urun-siparis-formu\/#breadcrumb\"},\"inLanguage\":\"en-US\",\"potentialAction\":[{\"@type\":\"ReadAction\",\"target\":[\"https:\/\/alkalix.com.tr\/urun-siparis-formu\/\"]}]},{\"@type\":\"BreadcrumbList\",\"@id\":\"https:\/\/alkalix.com.tr\/urun-siparis-formu\/#breadcrumb\",\"itemListElement\":[{\"@type\":\"ListItem\",\"position\":1,\"name\":\"Ana sayfa\",\"item\":\"https:\/\/alkalix.com.tr\/en\/\"},{\"@type\":\"ListItem\",\"position\":2,\"name\":\"Produst Request Form\"}]},{\"@type\":\"WebSite\",\"@id\":\"https:\/\/alkalix.com.tr\/#website\",\"url\":\"https:\/\/alkalix.com.tr\/\",\"name\":\"Alkalix Su Ar\u0131tma Sistemleri\",\"description\":\"MTM End\u00fcstriyel Su Ar\u0131tma ve Proje Uygulama Sis. San. Tic. Ltd. \u015eti.\",\"potentialAction\":[{\"@type\":\"SearchAction\",\"target\":{\"@type\":\"EntryPoint\",\"urlTemplate\":\"https:\/\/alkalix.com.tr\/?s={search_term_string}\"},\"query-input\":{\"@type\":\"PropertyValueSpecification\",\"valueRequired\":true,\"valueName\":\"search_term_string\"}}],\"inLanguage\":\"en-US\"}]}<\/script>\n<!-- \/ Yoast SEO plugin. -->","yoast_head_json":{"title":"Produst Request Form - Alkalix Su Ar\u0131tma Sistemleri","robots":{"index":"index","follow":"follow","max-snippet":"max-snippet:-1","max-image-preview":"max-image-preview:large","max-video-preview":"max-video-preview:-1"},"canonical":"https:\/\/alkalix.com.tr\/urun-siparis-formu\/","og_locale":"en_US","og_type":"article","og_title":"Produst Request Form - Alkalix Su Ar\u0131tma Sistemleri","og_url":"https:\/\/alkalix.com.tr\/urun-siparis-formu\/","og_site_name":"Alkalix Su Ar\u0131tma Sistemleri","article_modified_time":"2019-09-04T23:54:22+00:00","twitter_card":"summary_large_image","schema":{"@context":"https:\/\/schema.org","@graph":[{"@type":"WebPage","@id":"https:\/\/alkalix.com.tr\/urun-siparis-formu\/","url":"https:\/\/alkalix.com.tr\/urun-siparis-formu\/","name":"Produst Request Form - Alkalix Su Ar\u0131tma Sistemleri","isPartOf":{"@id":"https:\/\/alkalix.com.tr\/#website"},"datePublished":"2019-01-27T00:00:34+00:00","dateModified":"2019-09-04T23:54:22+00:00","breadcrumb":{"@id":"https:\/\/alkalix.com.tr\/urun-siparis-formu\/#breadcrumb"},"inLanguage":"en-US","potentialAction":[{"@type":"ReadAction","target":["https:\/\/alkalix.com.tr\/urun-siparis-formu\/"]}]},{"@type":"BreadcrumbList","@id":"https:\/\/alkalix.com.tr\/urun-siparis-formu\/#breadcrumb","itemListElement":[{"@type":"ListItem","position":1,"name":"Ana sayfa","item":"https:\/\/alkalix.com.tr\/en\/"},{"@type":"ListItem","position":2,"name":"Produst Request Form"}]},{"@type":"WebSite","@id":"https:\/\/alkalix.com.tr\/#website","url":"https:\/\/alkalix.com.tr\/","name":"Alkalix Su Ar\u0131tma Sistemleri","description":"MTM End\u00fcstriyel Su Ar\u0131tma ve Proje Uygulama Sis. San. Tic. Ltd. \u015eti.","potentialAction":[{"@type":"SearchAction","target":{"@type":"EntryPoint","urlTemplate":"https:\/\/alkalix.com.tr\/?s={search_term_string}"},"query-input":{"@type":"PropertyValueSpecification","valueRequired":true,"valueName":"search_term_string"}}],"inLanguage":"en-US"}]}},"_links":{"self":[{"href":"https:\/\/alkalix.com.tr\/en\/wp-json\/wp\/v2\/pages\/1037"}],"collection":[{"href":"https:\/\/alkalix.com.tr\/en\/wp-json\/wp\/v2\/pages"}],"about":[{"href":"https:\/\/alkalix.com.tr\/en\/wp-json\/wp\/v2\/types\/page"}],"author":[{"embeddable":true,"href":"https:\/\/alkalix.com.tr\/en\/wp-json\/wp\/v2\/users\/1"}],"replies":[{"embeddable":true,"href":"https:\/\/alkalix.com.tr\/en\/wp-json\/wp\/v2\/comments?post=1037"}],"version-history":[{"count":0,"href":"https:\/\/alkalix.com.tr\/en\/wp-json\/wp\/v2\/pages\/1037\/revisions"}],"wp:attachment":[{"href":"https:\/\/alkalix.com.tr\/en\/wp-json\/wp\/v2\/media?parent=1037"}],"curies":[{"name":"wp","href":"https:\/\/api.w.org\/{rel}","templated":true}]}}